{"id":1659,"date":"2023-12-18T08:07:59","date_gmt":"2023-12-18T07:07:59","guid":{"rendered":"https:\/\/willkommenbeidsmgrenzach.de\/demarrage\/"},"modified":"2023-12-22T10:35:33","modified_gmt":"2023-12-22T09:35:33","slug":"demarrage","status":"publish","type":"page","link":"https:\/\/willkommenbeidsmgrenzach.de\/fr\/","title":{"rendered":"D\u00e9marrage"},"content":{"rendered":"\n<section class=\"wp-block-uagb-columns uagb-columns__wrap uagb-columns__background-video uagb-columns__stack-mobile uagb-columns__valign-center uagb-columns__gap-10 alignfull uagb-block-c0ef8ec9-b9ba-4b13-b289-fe41802e585c uagb-columns__columns-1 uagb-columns__max_width-theme full-height\"><div class=\"uagb-columns__overlay\"><\/div><div class=\"uagb-columns__video-wrap\"><video autoplay loop muted playsinline><source src=\"https:\/\/willkommenbeidsmgrenzach.de\/wp-content\/uploads\/2019\/10\/DSM-Ueberflug-V2.mp4\" type=\"video\/mp4\"\/><\/video><\/div><div class=\"uagb-columns__inner-wrap uagb-columns__columns-1\">\n<div class=\"wp-block-uagb-column uagb-column__wrap uagb-column__background-none uagb-column__align-mobile-center uagb-column__align-tablet-center uagb-block-3bd7ed13-c34a-46ea-b4c6-66c4ef3f1ce9\"><div class=\"uagb-column__overlay\"><\/div>\n<section class=\"wp-block-uagb-columns uagb-columns__wrap uagb-columns__background-none uagb-columns__stack-mobile uagb-columns__valign-center uagb-columns__gap-10 alignwide uagb-block-691c9578-ccc3-4210-b6dd-659315cc1af8 uagb-columns__columns-1 uagb-columns__max_width-theme\"><div class=\"uagb-columns__overlay\"><\/div><div class=\"uagb-columns__inner-wrap uagb-columns__columns-1\">\n<div class=\"wp-block-uagb-column uagb-column__wrap uagb-column__background-undefined uagb-column__align-mobile-center uagb-column__align-tablet-center uagb-block-7386f8d1-a712-4a7c-b3d4-1acf0299ab99\"><div class=\"uagb-column__overlay\"><\/div>\n<div class=\"wp-block-uagb-advanced-heading uagb-block-3f28e03a-1f6b-498e-b22a-4940bed4c2c5\"><h2 class=\"uagb-heading-text\">Bienvenue chez DSM Grenzach<\/h2><\/div>\n\n\n\n<div class=\"wp-block-uagb-advanced-heading uagb-block-a919dd4d-ad6d-4169-82a4-108f79198d70\"><h4 class=\"uagb-heading-text\">Veuillez vous inscrire via la page suivante et vous familiariser avec les r\u00e8gles de s\u00e9curit\u00e9 sur le site de l\u2019usine de Grenzach.<br><br>Pour ce faire, cliquez sur le champ qui vous d\u00e9crit le mieux.<\/h4><\/div>\n<\/div>\n<\/div><\/section>\n\n\n\n<div class=\"wp-block-uagb-buttons uagb-buttons__outer-wrap uagb-btn__default-btn uagb-btn-tablet__default-btn uagb-btn-mobile__default-btn uagb-block-73e4ed3b-60c4-438a-88a7-8a406fdc269c cat-button-icons\" id=\"uagb-buttons-73e4ed3b-60c4-438a-88a7-8a406fdc269c\"><div class=\"uagb-buttons__wrap uagb-buttons-layout-wrap\">\n<div class=\"wp-block-uagb-buttons-child uagb-buttons__outer-wrap uagb-block-6c62cf70 wp-block-button\"><div class=\"uagb-button__wrapper\"><a class=\"uagb-buttons-repeater wp-block-button__link\" href=\"https:\/\/willkommenbeidsmgrenzach.de\/fr\/visiteurs\/\" onclick=\"return true;\" rel=\"follow noopener\" target=\"_self\"><div class=\"uagb-button__link\">Visiteur<\/div><\/a><\/div><\/div>\n\n\n\n<div class=\"wp-block-uagb-buttons-child uagb-buttons__outer-wrap uagb-block-3af418ba wp-block-button\"><div class=\"uagb-button__wrapper\"><a class=\"uagb-buttons-repeater wp-block-button__link\" href=\"https:\/\/willkommenbeidsmgrenzach.de\/fr\/chauffeur-de-camion\/\" onclick=\"return true;\" rel=\"follow noopener\" target=\"_self\"><div class=\"uagb-button__link\">Chauffeur de camion<\/div><\/a><\/div><\/div>\n\n\n\n<div class=\"wp-block-uagb-buttons-child uagb-buttons__outer-wrap uagb-block-4c1ecfea wp-block-button\"><div class=\"uagb-button__wrapper\"><a class=\"uagb-buttons-repeater wp-block-button__link\" href=\"https:\/\/willkommenbeidsmgrenzach.de\/fr\/artisan\/\" onclick=\"return true;\" rel=\"follow noopener\" target=\"_self\"><div class=\"uagb-button__link\">Artisan<\/div><\/a><\/div><\/div>\n<\/div><\/div>\n<\/div>\n<\/div><\/section>\n","protected":false},"excerpt":{"rendered":"<p>Bienvenue chez DSM Grenzach Veuillez vous inscrire via la page suivante et vous familiariser avec les r\u00e8gles de s\u00e9curit\u00e9 sur le site de l\u2019usine de Grenzach. Pour ce faire, cliquez sur le champ qui vous d\u00e9crit le mieux.<\/p>\n","protected":false},"author":1,"featured_media":0,"parent":0,"menu_order":0,"comment_status":"closed","ping_status":"closed","template":"","meta":{"_uag_custom_page_level_css":"","site-sidebar-layout":"default","site-content-layout":"page-builder","ast-site-content-layout":"default","site-content-style":"default","site-sidebar-style":"default","ast-global-header-display":"","ast-banner-title-visibility":"","ast-main-header-display":"","ast-hfb-above-header-display":"","ast-hfb-below-header-display":"","ast-hfb-mobile-header-display":"","site-post-title":"disabled","ast-breadcrumbs-content":"","ast-featured-img":"","footer-sml-layout":"","ast-disable-related-posts":"","theme-transparent-header-meta":"enabled","adv-header-id-meta":"","stick-header-meta":"","header-above-stick-meta":"","header-main-stick-meta":"","header-below-stick-meta":"","astra-migrate-meta-layouts":"set","ast-page-background-enabled":"default","ast-page-background-meta":{"desktop":{"background-color":"","background-image":"","background-repeat":"repeat","background-position":"center center","background-size":"auto","background-attachment":"scroll","background-type":"","background-media":"","overlay-type":"","overlay-color":"","overlay-opacity":"","overlay-gradient":""},"tablet":{"background-color":"","background-image":"","background-repeat":"repeat","background-position":"center center","background-size":"auto","background-attachment":"scroll","background-type":"","background-media":"","overlay-type":"","overlay-color":"","overlay-opacity":"","overlay-gradient":""},"mobile":{"background-color":"","background-image":"","background-repeat":"repeat","background-position":"center center","background-size":"auto","background-attachment":"scroll","background-type":"","background-media":"","overlay-type":"","overlay-color":"","overlay-opacity":"","overlay-gradient":""}},"ast-content-background-meta":{"desktop":{"background-color":"var(--ast-global-color-5)","background-image":"","background-repeat":"repeat","background-position":"center center","background-size":"auto","background-attachment":"scroll","background-type":"","background-media":"","overlay-type":"","overlay-color":"","overlay-opacity":"","overlay-gradient":""},"tablet":{"background-color":"var(--ast-global-color-5)","background-image":"","background-repeat":"repeat","background-position":"center center","background-size":"auto","background-attachment":"scroll","background-type":"","background-media":"","overlay-type":"","overlay-color":"","overlay-opacity":"","overlay-gradient":""},"mobile":{"background-color":"var(--ast-global-color-5)","background-image":"","background-repeat":"repeat","background-position":"center center","background-size":"auto","background-attachment":"scroll","background-type":"","background-media":"","overlay-type":"","overlay-color":"","overlay-opacity":"","overlay-gradient":""}},"footnotes":"","_links_to":"","_links_to_target":""},"class_list":["post-1659","page","type-page","status-publish","hentry"],"uagb_featured_image_src":{"full":false,"thumbnail":false,"medium":false,"medium_large":false,"large":false,"thumblist":false,"thumbrelated":false,"meccarouselthumb":false,"gridsquare":false,"tileview":false,"1536x1536":false,"2048x2048":false,"gform-image-choice-sm":false,"gform-image-choice-md":false,"gform-image-choice-lg":false,"gamipress-points":false,"gamipress-achievement":false,"gamipress-rank":false},"uagb_author_info":{"display_name":"mbainbridge","author_link":"https:\/\/willkommenbeidsmgrenzach.de\/fr\/author\/mbainbridge\/"},"uagb_comment_info":0,"uagb_excerpt":"Bienvenue chez DSM Grenzach Veuillez vous inscrire via la page suivante et vous familiariser avec les r\u00e8gles de s\u00e9curit\u00e9 sur le site de l\u2019usine de Grenzach. Pour ce faire, cliquez sur le champ qui vous d\u00e9crit le mieux.","_links":{"self":[{"href":"https:\/\/willkommenbeidsmgrenzach.de\/fr\/wp-json\/wp\/v2\/pages\/1659","targetHints":{"allow":["GET"]}}],"collection":[{"href":"https:\/\/willkommenbeidsmgrenzach.de\/fr\/wp-json\/wp\/v2\/pages"}],"about":[{"href":"https:\/\/willkommenbeidsmgrenzach.de\/fr\/wp-json\/wp\/v2\/types\/page"}],"author":[{"embeddable":true,"href":"https:\/\/willkommenbeidsmgrenzach.de\/fr\/wp-json\/wp\/v2\/users\/1"}],"replies":[{"embeddable":true,"href":"https:\/\/willkommenbeidsmgrenzach.de\/fr\/wp-json\/wp\/v2\/comments?post=1659"}],"version-history":[{"count":5,"href":"https:\/\/willkommenbeidsmgrenzach.de\/fr\/wp-json\/wp\/v2\/pages\/1659\/revisions"}],"predecessor-version":[{"id":1853,"href":"https:\/\/willkommenbeidsmgrenzach.de\/fr\/wp-json\/wp\/v2\/pages\/1659\/revisions\/1853"}],"wp:attachment":[{"href":"https:\/\/willkommenbeidsmgrenzach.de\/fr\/wp-json\/wp\/v2\/media?parent=1659"}],"curies":[{"name":"wp","href":"https:\/\/api.w.org\/{rel}","templated":true}]}}